{"id":92,"date":"2023-04-22T13:33:45","date_gmt":"2023-04-22T11:33:45","guid":{"rendered":"http:\/\/chiropracteur-caussade.fr\/?page_id=92"},"modified":"2023-04-23T02:11:01","modified_gmt":"2023-04-23T00:11:01","slug":"quest-ce-que-la-chiropraxie","status":"publish","type":"page","link":"https:\/\/chiropracteur-caussade.fr\/index.php\/quest-ce-que-la-chiropraxie\/","title":{"rendered":"Qu\u2019est-ce que la   chiropraxie ?"},"content":{"rendered":"\n<p>La chiropraxie est une th\u00e9rapie de premi\u00e8re intention. <br><br>Elle pr\u00e9vient, diagnostique et traite des pathologies m\u00e9caniques de l\u2019appareil neuro-musculosquelettique, en particulier de la colonne vert\u00e9brale et leurs cons\u00e9quences.<\/p>\n\n\n\n<p>Les patients consultent le chiropracteur qui \u00e9tablit un diagnostic dans son champ de comp\u00e9tences, puis choisit et met en \u0153uvre les outils th\u00e9rapeutiques adapt\u00e9s au patient. Il peut pr\u00e9coniser des examens compl\u00e9mentaires si n\u00e9cessaire.<\/p>\n\n\n\n<p><\/p>\n\n\n\n<p><\/p>\n\n\n\n<p><strong>R\u00c9GLEMENTATION<\/strong><br>La chiropraxie est reconnue en France depuis mars 2002.<br><br>Au niveau international, la pratique de la chiropraxie est reconnue et r\u00e9glement\u00e9e par la loi dans plus de 40 pays. De plus, la profession chiropratique est partenaire officiel de l\u2019Organisation Mondiale de la Sant\u00e9 (OMS) par l\u2019interm\u00e9diaire de la F\u00e9d\u00e9ration Mondiale de Chiropratique (WFC) depuis 1997.<\/p>\n","protected":false},"excerpt":{"rendered":"<p>La chiropraxie est une th\u00e9rapie de premi\u00e8re intention. Elle pr\u00e9vient, diagnostique et traite des pathologies m\u00e9caniques de l\u2019appareil neuro-musculosquelettique, en particulier de la colonne vert\u00e9brale et leurs cons\u00e9quences. Les patients consultent le chiropracteur qui \u00e9tablit un diagnostic dans son champ de comp\u00e9tences, puis choisit et met en \u0153uvre les outils th\u00e9rapeutiques adapt\u00e9s au patient. Il &hellip; <\/p>\n<p class=\"link-more\"><a href=\"https:\/\/chiropracteur-caussade.fr\/index.php\/quest-ce-que-la-chiropraxie\/\" class=\"more-link\">Continuer la lecture<span class=\"screen-reader-text\"> de &laquo;&nbsp;Qu\u2019est-ce que la   chiropraxie ?&nbsp;&raquo;<\/span><\/a><\/p>\n","protected":false},"author":1,"featured_media":0,"parent":0,"menu_order":0,"comment_status":"closed","ping_status":"closed","template":"","meta":{"footnotes":""},"class_list":["post-92","page","type-page","status-publish","hentry"],"_links":{"self":[{"href":"https:\/\/chiropracteur-caussade.fr\/index.php\/wp-json\/wp\/v2\/pages\/92","targetHints":{"allow":["GET"]}}],"collection":[{"href":"https:\/\/chiropracteur-caussade.fr\/index.php\/wp-json\/wp\/v2\/pages"}],"about":[{"href":"https:\/\/chiropracteur-caussade.fr\/index.php\/wp-json\/wp\/v2\/types\/page"}],"author":[{"embeddable":true,"href":"https:\/\/chiropracteur-caussade.fr\/index.php\/wp-json\/wp\/v2\/users\/1"}],"replies":[{"embeddable":true,"href":"https:\/\/chiropracteur-caussade.fr\/index.php\/wp-json\/wp\/v2\/comments?post=92"}],"version-history":[{"count":7,"href":"https:\/\/chiropracteur-caussade.fr\/index.php\/wp-json\/wp\/v2\/pages\/92\/revisions"}],"predecessor-version":[{"id":313,"href":"https:\/\/chiropracteur-caussade.fr\/index.php\/wp-json\/wp\/v2\/pages\/92\/revisions\/313"}],"wp:attachment":[{"href":"https:\/\/chiropracteur-caussade.fr\/index.php\/wp-json\/wp\/v2\/media?parent=92"}],"curies":[{"name":"wp","href":"https:\/\/api.w.org\/{rel}","templated":true}]}}