{"id":55,"date":"2023-04-22T12:24:35","date_gmt":"2023-04-22T10:24:35","guid":{"rendered":"http:\/\/chiropracteur-caussade.fr\/?page_id=55"},"modified":"2023-04-22T19:25:03","modified_gmt":"2023-04-22T17:25:03","slug":"la-consultation","status":"publish","type":"page","link":"https:\/\/chiropracteur-caussade.fr\/index.php\/la-consultation\/","title":{"rendered":"La consultation"},"content":{"rendered":"\n<p><strong>Anamn\u00e8se<\/strong>&nbsp;: <br>Moment d&rsquo;\u00e9change sur le motif de consultation, les ant\u00e9c\u00e9dents personnels et familiaux, les traitements en cours, les habitudes de vie &#8230; <\/p>\n\n\n\n<p><strong>Examens compl\u00e9mentaires : <\/strong><br>Analyse des examens compl\u00e9mentaires apport\u00e9s, si des examens ont \u00e9t\u00e9 r\u00e9alis\u00e9s (radio, IRM, scanner, &#8230;). <\/p>\n\n\n\n<p><strong>L\u2019examen clinique<\/strong>&nbsp;: <br>Pour comprendre la nature de votre douleur ou faire un bilan, je r\u00e9alise un examen chiropratique qui permet d\u2019orienter le diagnostic neuro-musculosquelettique.<\/p>\n\n\n\n<p>Cet examen physique comprend typiquement les \u00e9l\u00e9ments suivants&nbsp;:<br>L&rsquo;analyse de votre posture<br>L&rsquo;\u00e9valuation orthop\u00e9dique et neurologique<br>L&rsquo;\u00e9valuation des mouvements articulaires pour d\u00e9tecter tous probl\u00e8mes de mobilit\u00e9 articulaire<\/p>\n\n\n\n<p><strong>Le traitement<\/strong>\u00a0: <br>Une fois le diagnostic neuro-musculosquelettique d\u00e9fini, une prise en charge biom\u00e9canique sera propos\u00e9e au patient. Elle sera adapt\u00e9e \u00e0 sa pathologie et en accord avec ses attentes. Le traitement se fait par des actes de manipulation vert\u00e9brale et des diff\u00e9rentes articulations du corps (manuelle ou instrumentale), ainsi que de la d\u00e9tente et des exercices de r\u00e9habilitation musculaire. <\/p>\n\n\n\n<p><strong>Les conseils<\/strong>&nbsp;: Pour maintenir le traitement dans le temps, je propose des exercices et conseils adapt\u00e9s \u00e0 chaque patient. <\/p>\n","protected":false},"excerpt":{"rendered":"<p>Anamn\u00e8se&nbsp;: Moment d&rsquo;\u00e9change sur le motif de consultation, les ant\u00e9c\u00e9dents personnels et familiaux, les traitements en cours, les habitudes de vie &#8230; Examens compl\u00e9mentaires : Analyse des examens compl\u00e9mentaires apport\u00e9s, si des examens ont \u00e9t\u00e9 r\u00e9alis\u00e9s (radio, IRM, scanner, &#8230;). L\u2019examen clinique&nbsp;: Pour comprendre la nature de votre douleur ou faire un bilan, je r\u00e9alise &hellip; <\/p>\n<p class=\"link-more\"><a href=\"https:\/\/chiropracteur-caussade.fr\/index.php\/la-consultation\/\" class=\"more-link\">Continuer la lecture<span class=\"screen-reader-text\"> de &laquo;&nbsp;La consultation&nbsp;&raquo;<\/span><\/a><\/p>\n","protected":false},"author":1,"featured_media":0,"parent":0,"menu_order":0,"comment_status":"closed","ping_status":"closed","template":"","meta":{"footnotes":""},"class_list":["post-55","page","type-page","status-publish","hentry"],"_links":{"self":[{"href":"https:\/\/chiropracteur-caussade.fr\/index.php\/wp-json\/wp\/v2\/pages\/55","targetHints":{"allow":["GET"]}}],"collection":[{"href":"https:\/\/chiropracteur-caussade.fr\/index.php\/wp-json\/wp\/v2\/pages"}],"about":[{"href":"https:\/\/chiropracteur-caussade.fr\/index.php\/wp-json\/wp\/v2\/types\/page"}],"author":[{"embeddable":true,"href":"https:\/\/chiropracteur-caussade.fr\/index.php\/wp-json\/wp\/v2\/users\/1"}],"replies":[{"embeddable":true,"href":"https:\/\/chiropracteur-caussade.fr\/index.php\/wp-json\/wp\/v2\/comments?post=55"}],"version-history":[{"count":25,"href":"https:\/\/chiropracteur-caussade.fr\/index.php\/wp-json\/wp\/v2\/pages\/55\/revisions"}],"predecessor-version":[{"id":298,"href":"https:\/\/chiropracteur-caussade.fr\/index.php\/wp-json\/wp\/v2\/pages\/55\/revisions\/298"}],"wp:attachment":[{"href":"https:\/\/chiropracteur-caussade.fr\/index.php\/wp-json\/wp\/v2\/media?parent=55"}],"curies":[{"name":"wp","href":"https:\/\/api.w.org\/{rel}","templated":true}]}}