{"id":106,"date":"2023-04-22T13:45:12","date_gmt":"2023-04-22T11:45:12","guid":{"rendered":"http:\/\/chiropracteur-caussade.fr\/?page_id=106"},"modified":"2023-04-22T17:03:39","modified_gmt":"2023-04-22T15:03:39","slug":"principaux-motifs-de-consultations","status":"publish","type":"page","link":"https:\/\/chiropracteur-caussade.fr\/index.php\/principaux-motifs-de-consultations\/","title":{"rendered":"Principaux motifs de consultations"},"content":{"rendered":"\n<p>La chiropraxie traite des douleurs r\u00e9centes ou chroniques, de faible ou de forte intensit\u00e9, tel que :<\/p>\n\n\n\n<p><strong>Les douleurs rachidiennes<\/strong> : maux de t\u00eate d&rsquo;origine cervicale \u2013 douleurs cervicales \u2013 torticolis \u2013 douleurs cervicales irradiantes dans un bras \u2013 douleurs dorsales \u2013 lombalgies \u2013 sciatiques et cruralgies \u2013 lumbagos \u2013 dysfonctionnements du bassin \u2013 autres douleurs vert\u00e9brales<\/p>\n\n\n\n<p><strong>Les douleurs p\u00e9riph\u00e9riques<\/strong> : \u00e9paule douloureuse \u2013 \u00e9picondylite \u2013 \u00e9pitrochl\u00e9ite \u2013 tendinopathies \u2013 genoux douloureux \u2013 douleurs musculaires \u2013 syndrome du canal carpien \u2013 douleurs du talon et\/ou de la cheville \u2013 syndromes douloureux de la m\u00e2choire \u2013 autres douleurs articulaires<\/p>\n\n\n\n<p><strong>La pr\u00e9vention des troubles neuro-musculosquelettique\u00a0<\/strong>: Il n\u2019est pas n\u00e9cessaire d\u2019avoir des douleurs pour consulter un chiropracteur, le message douloureux est la derni\u00e8re \u00e9tape du processus de dysfonctionnement. R\u00e9aliser des bilans r\u00e9guliers permet de maintenir la fonctionnalit\u00e9 du corps pour une meilleure mobilit\u00e9 et ainsi pr\u00e9venir d\u2019\u00e9ventuelles blessures.<\/p>\n","protected":false},"excerpt":{"rendered":"<p>La chiropraxie traite des douleurs r\u00e9centes ou chroniques, de faible ou de forte intensit\u00e9, tel que : Les douleurs rachidiennes : maux de t\u00eate d&rsquo;origine cervicale \u2013 douleurs cervicales \u2013 torticolis \u2013 douleurs cervicales irradiantes dans un bras \u2013 douleurs dorsales \u2013 lombalgies \u2013 sciatiques et cruralgies \u2013 lumbagos \u2013 dysfonctionnements du bassin \u2013 autres &hellip; <\/p>\n<p class=\"link-more\"><a href=\"https:\/\/chiropracteur-caussade.fr\/index.php\/principaux-motifs-de-consultations\/\" class=\"more-link\">Continuer la lecture<span class=\"screen-reader-text\"> de &laquo;&nbsp;Principaux motifs de consultations&nbsp;&raquo;<\/span><\/a><\/p>\n","protected":false},"author":1,"featured_media":0,"parent":0,"menu_order":0,"comment_status":"closed","ping_status":"closed","template":"","meta":{"footnotes":""},"class_list":["post-106","page","type-page","status-publish","hentry"],"_links":{"self":[{"href":"https:\/\/chiropracteur-caussade.fr\/index.php\/wp-json\/wp\/v2\/pages\/106","targetHints":{"allow":["GET"]}}],"collection":[{"href":"https:\/\/chiropracteur-caussade.fr\/index.php\/wp-json\/wp\/v2\/pages"}],"about":[{"href":"https:\/\/chiropracteur-caussade.fr\/index.php\/wp-json\/wp\/v2\/types\/page"}],"author":[{"embeddable":true,"href":"https:\/\/chiropracteur-caussade.fr\/index.php\/wp-json\/wp\/v2\/users\/1"}],"replies":[{"embeddable":true,"href":"https:\/\/chiropracteur-caussade.fr\/index.php\/wp-json\/wp\/v2\/comments?post=106"}],"version-history":[{"count":10,"href":"https:\/\/chiropracteur-caussade.fr\/index.php\/wp-json\/wp\/v2\/pages\/106\/revisions"}],"predecessor-version":[{"id":245,"href":"https:\/\/chiropracteur-caussade.fr\/index.php\/wp-json\/wp\/v2\/pages\/106\/revisions\/245"}],"wp:attachment":[{"href":"https:\/\/chiropracteur-caussade.fr\/index.php\/wp-json\/wp\/v2\/media?parent=106"}],"curies":[{"name":"wp","href":"https:\/\/api.w.org\/{rel}","templated":true}]}}